{"id":3,"date":"2023-09-05T16:54:28","date_gmt":"2023-09-05T16:54:28","guid":{"rendered":"https:\/\/gruasrofil.com\/?page_id=3"},"modified":"2025-08-14T00:21:30","modified_gmt":"2025-08-14T00:21:30","slug":"privacy-policy","status":"publish","type":"page","link":"https:\/\/gruasrofil.com\/?page_id=3","title":{"rendered":"Privacy Policy"},"content":{"rendered":"<p>[et_pb_section fb_built=&#8221;1&#8243; _builder_version=&#8221;4.16&#8243; global_colors_info=&#8221;{}&#8221;][et_pb_row _builder_version=&#8221;4.16&#8243; background_size=&#8221;initial&#8221; background_position=&#8221;top_left&#8221; background_repeat=&#8221;repeat&#8221; global_colors_info=&#8221;{}&#8221;][et_pb_column type=&#8221;4_4&#8243; _builder_version=&#8221;4.16&#8243; custom_padding=&#8221;|||&#8221; global_colors_info=&#8221;{}&#8221; custom_padding__hover=&#8221;|||&#8221;][et_pb_text _builder_version=&#8221;4.22.2&#8243; background_size=&#8221;initial&#8221; background_position=&#8221;top_left&#8221; background_repeat=&#8221;repeat&#8221; hover_enabled=&#8221;0&#8243; global_colors_info=&#8221;{}&#8221; sticky_enabled=&#8221;0&#8243;]<\/p>\n<h3><b>Aviso de Privacidad<\/b><\/h3>\n<p>&nbsp;<\/p>\n<p><b>Responsable de la protecci\u00f3n de sus Datos Personales<\/b><\/p>\n<p>Gr\u00faas Rofil, con sitio web <response-element class=\"\" ng-version=\"0.0.0-PLACEHOLDER\"><link-block _nghost-ng-c3061108869=\"\" class=\"ng-star-inserted\"><a _ngcontent-ng-c3061108869=\"\" target=\"_blank\" rel=\"noopener\" externallink=\"\" _nghost-ng-c28517152=\"\" jslog=\"197247;track:generic_click,impression,attention;BardVeMetadataKey:[[&quot;r_578c05c660167e0c&quot;,&quot;c_17abccf29eda26e8&quot;,null,&quot;rc_cafed60e8b88ff26&quot;,null,null,&quot;es&quot;,null,1,null,null,1,0]]\" href=\"https:\/\/gruasrofil.com\/\" class=\"ng-star-inserted\">https:\/\/gruasrofil.com\/<\/a><\/link-block><\/response-element>, es responsable del tratamiento de sus datos personales.<\/p>\n<p><b>\u00bfPara qu\u00e9 fines recabamos y utilizamos sus datos personales?<\/b><\/p>\n<p>Su informaci\u00f3n personal ser\u00e1 utilizada para las siguientes finalidades principales, que son necesarias para el servicio que solicita:<\/p>\n<ol start=\"1\">\n<li>\n<p><b>Proveer los servicios requeridos por usted:<\/b> Coordinaci\u00f3n de servicios de gr\u00faa, asistencia vial y maniobras especializadas.<\/p>\n<\/li>\n<li>\n<p><b>Contacto y comunicaci\u00f3n:<\/b> Responder a sus mensajes, dudas, cotizaciones y solicitudes enviadas a trav\u00e9s de nuestros formularios o medios de contacto.<\/p>\n<\/li>\n<li>\n<p><b>Gesti\u00f3n y administraci\u00f3n:<\/b> Realizar los procesos necesarios para la prestaci\u00f3n del servicio, incluyendo la elaboraci\u00f3n de cotizaciones y seguimiento.<\/p>\n<\/li>\n<li>\n<p><b>Mejora del servicio:<\/b> Analizar el uso de nuestro sitio web para mejorar la experiencia del usuario y la calidad de nuestros servicios.<\/p>\n<\/li>\n<\/ol>\n<p>De manera adicional, podr\u00edamos utilizar su informaci\u00f3n personal para finalidades que no son indispensables para el servicio solicitado, pero que nos permiten y facilitan brindarle una mejor atenci\u00f3n:<\/p>\n<ul>\n<li>\n<p>Fines estad\u00edsticos y de an\u00e1lisis interno.<\/p>\n<\/li>\n<\/ul>\n<p><b>\u00bfQu\u00e9 datos personales obtenemos y de d\u00f3nde?<\/b><\/p>\n<p>Para las finalidades se\u00f1aladas en el presente aviso de privacidad, podemos recabar sus datos personales de distintas formas: cuando usted nos los proporciona directamente a trav\u00e9s de nuestro formulario de contacto o al comunicarse con nosotros; y cuando obtenemos informaci\u00f3n a trav\u00e9s de otras fuentes que est\u00e1n permitidas por la ley.<\/p>\n<p>Los datos que podemos recabar incluyen:<\/p>\n<ul>\n<li>\n<p>Nombre completo.<\/p>\n<\/li>\n<li>\n<p>N\u00famero de tel\u00e9fono.<\/p>\n<\/li>\n<li>\n<p>Correo electr\u00f3nico.<\/p>\n<\/li>\n<li>\n<p>Informaci\u00f3n relacionada con el servicio solicitado (ubicaci\u00f3n, tipo de veh\u00edculo, destino, etc.).<\/p>\n<\/li>\n<\/ul>\n<p><b>Uso de Cookies y Tecnolog\u00edas de Rastreo<\/b><\/p>\n<p>Le informamos que en nuestra p\u00e1gina de Internet utilizamos cookies y otras tecnolog\u00edas a trav\u00e9s de las cuales es posible monitorear su comportamiento como usuario de Internet, as\u00ed como brindarle un mejor servicio y experiencia al navegar en nuestra p\u00e1gina. Los datos personales que se pueden obtener de estas tecnolog\u00edas son identificadores de sesi\u00f3n, tipo de navegador y preferencias del usuario.<\/p>\n<p>Estas tecnolog\u00edas podr\u00e1n deshabilitarse siguiendo los procedimientos del navegador de internet que utiliza.<\/p>\n<p><b>Derechos de Acceso, Rectificaci\u00f3n, Cancelaci\u00f3n u Oposici\u00f3n (ARCO)<\/b><\/p>\n<p>Usted tiene derecho de acceder a sus datos personales que poseemos y a los detalles del tratamiento de los mismos, as\u00ed como a rectificarlos en caso de ser inexactos o incompletos; cancelarlos cuando considere que no se requieren para alguna de las finalidades se\u00f1aladas en el presente aviso de privacidad, est\u00e9n siendo utilizados para finalidades no consentidas o haya finalizado la relaci\u00f3n contractual o de servicio, o bien, oponerse al tratamiento de los mismos para fines espec\u00edficos.<\/p>\n<p>Para el ejercicio de cualquiera de los derechos ARCO, usted deber\u00e1 presentar la solicitud respectiva a trav\u00e9s del siguiente medio:<\/p>\n<ul>\n<li>\n<p>Correo electr\u00f3nico: <b>contacto@gruasrofil.com<\/b><\/p>\n<\/li>\n<\/ul>\n<p>Su solicitud deber\u00e1 contener la siguiente informaci\u00f3n: nombre completo, una descripci\u00f3n clara y precisa de los datos personales respecto de los que se busca ejercer alguno de los derechos mencionados y cualquier otro elemento que facilite la localizaci\u00f3n de los datos.<\/p>\n<p><b>Transferencia de datos personales<\/b><\/p>\n<p>Gr\u00faas Rofil no vende, cede ni transfiere sus datos personales a terceros con fines de lucro. Sus datos podr\u00e1n ser compartidos \u00fanicamente con autoridades competentes en los casos legalmente previstos o cuando sea estrictamente necesario para la prestaci\u00f3n del servicio contratado.<\/p>\n<p><b>Modificaciones al aviso de privacidad<\/b><\/p>\n<p>Nos reservamos el derecho de efectuar en cualquier momento modificaciones o actualizaciones al presente aviso de privacidad, para la atenci\u00f3n de novedades legislativas, pol\u00edticas internas o nuevos requerimientos para la prestaci\u00f3n u ofrecimiento de nuestros servicios.<\/p>\n<p>Estas modificaciones estar\u00e1n disponibles al p\u00fablico a trav\u00e9s de nuestro sitio web <response-element class=\"\" ng-version=\"0.0.0-PLACEHOLDER\"><link-block _nghost-ng-c3061108869=\"\" class=\"ng-star-inserted\"><a _ngcontent-ng-c3061108869=\"\" target=\"_blank\" rel=\"noopener\" externallink=\"\" _nghost-ng-c28517152=\"\" jslog=\"197247;track:generic_click,impression,attention;BardVeMetadataKey:[[&quot;r_578c05c660167e0c&quot;,&quot;c_17abccf29eda26e8&quot;,null,&quot;rc_cafed60e8b88ff26&quot;,null,null,&quot;es&quot;,null,1,null,null,1,0]]\" href=\"https:\/\/gruasrofil.com\/\" class=\"ng-star-inserted\">https:\/\/gruasrofil.com\/<\/a><\/link-block><\/response-element>.<\/p>\n<p><b>Consentimiento<\/b><\/p>\n<p>El uso de este sitio y la provisi\u00f3n de sus datos personales implican su aceptaci\u00f3n y consentimiento con los t\u00e9rminos del presente Aviso de Privacidad.<\/p>\n<p><b>\u00daltima actualizaci\u00f3n:<\/b> 13 de agosto de 2025.<\/p>\n<p>[\/et_pb_text][\/et_pb_column][\/et_pb_row][\/et_pb_section]<\/p>\n","protected":false},"excerpt":{"rendered":"<p>Aviso de Privacidad &nbsp; Responsable de la protecci\u00f3n de sus Datos Personales Gr\u00faas Rofil, con sitio web https:\/\/gruasrofil.com\/, es responsable del tratamiento de sus datos personales. \u00bfPara qu\u00e9 fines recabamos y utilizamos sus datos personales? Su informaci\u00f3n personal ser\u00e1 utilizada para las siguientes finalidades principales, que son necesarias para el servicio que solicita: Proveer los [&hellip;]<\/p>\n","protected":false},"author":1,"featured_media":0,"parent":0,"menu_order":0,"comment_status":"closed","ping_status":"open","template":"","meta":{"_et_pb_use_builder":"on","_et_pb_old_content":"<!-- wp:heading --><h2>Who we are<\/h2><!-- \/wp:heading --><!-- wp:paragraph --><p><strong class=\"privacy-policy-tutorial\">Suggested text: <\/strong>Our website address is: https:\/\/gruasrofil.com.<\/p><!-- \/wp:paragraph --><!-- wp:heading --><h2>Comments<\/h2><!-- \/wp:heading --><!-- wp:paragraph --><p><strong class=\"privacy-policy-tutorial\">Suggested text: <\/strong>When visitors leave comments on the site we collect the data shown in the comments form, and also the visitor&#8217;s IP address and browser user agent string to help spam detection.<\/p><!-- \/wp:paragraph --><!-- wp:paragraph --><p>An anonymized string created from your email address (also called a hash) may be provided to the Gravatar service to see if you are using it. The Gravatar service privacy policy is available here: https:\/\/automattic.com\/privacy\/. After approval of your comment, your profile picture is visible to the public in the context of your comment.<\/p><!-- \/wp:paragraph --><!-- wp:heading --><h2>Media<\/h2><!-- \/wp:heading --><!-- wp:paragraph --><p><strong class=\"privacy-policy-tutorial\">Suggested text: <\/strong>If you upload images to the website, you should avoid uploading images with embedded location data (EXIF GPS) included. Visitors to the website can download and extract any location data from images on the website.<\/p><!-- \/wp:paragraph --><!-- wp:heading --><h2>Cookies<\/h2><!-- \/wp:heading --><!-- wp:paragraph --><p><strong class=\"privacy-policy-tutorial\">Suggested text: <\/strong>If you leave a comment on our site you may opt-in to saving your name, email address and website in cookies. These are for your convenience so that you do not have to fill in your details again when you leave another comment. These cookies will last for one year.<\/p><!-- \/wp:paragraph --><!-- wp:paragraph --><p>If you visit our login page, we will set a temporary cookie to determine if your browser accepts cookies. This cookie contains no personal data and is discarded when you close your browser.<\/p><!-- \/wp:paragraph --><!-- wp:paragraph --><p>When you log in, we will also set up several cookies to save your login information and your screen display choices. Login cookies last for two days, and screen options cookies last for a year. If you select &quot;Remember Me&quot;, your login will persist for two weeks. If you log out of your account, the login cookies will be removed.<\/p><!-- \/wp:paragraph --><!-- wp:paragraph --><p>If you edit or publish an article, an additional cookie will be saved in your browser. This cookie includes no personal data and simply indicates the post ID of the article you just edited. It expires after 1 day.<\/p><!-- \/wp:paragraph --><!-- wp:heading --><h2>Embedded content from other websites<\/h2><!-- \/wp:heading --><!-- wp:paragraph --><p><strong class=\"privacy-policy-tutorial\">Suggested text: <\/strong>Articles on this site may include embedded content (e.g. videos, images, articles, etc.). Embedded content from other websites behaves in the exact same way as if the visitor has visited the other website.<\/p><!-- \/wp:paragraph --><!-- wp:paragraph --><p>These websites may collect data about you, use cookies, embed additional third-party tracking, and monitor your interaction with that embedded content, including tracking your interaction with the embedded content if you have an account and are logged in to that website.<\/p><!-- \/wp:paragraph --><!-- wp:heading --><h2>Who we share your data with<\/h2><!-- \/wp:heading --><!-- wp:paragraph --><p><strong class=\"privacy-policy-tutorial\">Suggested text: <\/strong>If you request a password reset, your IP address will be included in the reset email.<\/p><!-- \/wp:paragraph --><!-- wp:heading --><h2>How long we retain your data<\/h2><!-- \/wp:heading --><!-- wp:paragraph --><p><strong class=\"privacy-policy-tutorial\">Suggested text: <\/strong>If you leave a comment, the comment and its metadata are retained indefinitely. This is so we can recognize and approve any follow-up comments automatically instead of holding them in a moderation queue.<\/p><!-- \/wp:paragraph --><!-- wp:paragraph --><p>For users that register on our website (if any), we also store the personal information they provide in their user profile. All users can see, edit, or delete their personal information at any time (except they cannot change their username). Website administrators can also see and edit that information.<\/p><!-- \/wp:paragraph --><!-- wp:heading --><h2>What rights you have over your data<\/h2><!-- \/wp:heading --><!-- wp:paragraph --><p><strong class=\"privacy-policy-tutorial\">Suggested text: <\/strong>If you have an account on this site, or have left comments, you can request to receive an exported file of the personal data we hold about you, including any data you have provided to us. You can also request that we erase any personal data we hold about you. This does not include any data we are obliged to keep for administrative, legal, or security purposes.<\/p><!-- \/wp:paragraph --><!-- wp:heading --><h2>Where your data is sent<\/h2><!-- \/wp:heading --><!-- wp:paragraph --><p><strong class=\"privacy-policy-tutorial\">Suggested text: <\/strong>Visitor comments may be checked through an automated spam detection service.<\/p><!-- \/wp:paragraph -->","_et_gb_content_width":"","footnotes":""},"class_list":["post-3","page","type-page","status-publish","hentry"],"_links":{"self":[{"href":"https:\/\/gruasrofil.com\/index.php?rest_route=\/wp\/v2\/pages\/3","targetHints":{"allow":["GET"]}}],"collection":[{"href":"https:\/\/gruasrofil.com\/index.php?rest_route=\/wp\/v2\/pages"}],"about":[{"href":"https:\/\/gruasrofil.com\/index.php?rest_route=\/wp\/v2\/types\/page"}],"author":[{"embeddable":true,"href":"https:\/\/gruasrofil.com\/index.php?rest_route=\/wp\/v2\/users\/1"}],"replies":[{"embeddable":true,"href":"https:\/\/gruasrofil.com\/index.php?rest_route=%2Fwp%2Fv2%2Fcomments&post=3"}],"version-history":[{"count":2,"href":"https:\/\/gruasrofil.com\/index.php?rest_route=\/wp\/v2\/pages\/3\/revisions"}],"predecessor-version":[{"id":213,"href":"https:\/\/gruasrofil.com\/index.php?rest_route=\/wp\/v2\/pages\/3\/revisions\/213"}],"wp:attachment":[{"href":"https:\/\/gruasrofil.com\/index.php?rest_route=%2Fwp%2Fv2%2Fmedia&parent=3"}],"curies":[{"name":"wp","href":"https:\/\/api.w.org\/{rel}","templated":true}]}}